{"id":78,"date":"2022-09-07T15:57:07","date_gmt":"2022-09-07T13:57:07","guid":{"rendered":"https:\/\/complithium.agh.edu.pl\/?page_id=78"},"modified":"2023-06-23T13:00:17","modified_gmt":"2023-06-23T11:00:17","slug":"kontakt","status":"publish","type":"page","link":"https:\/\/complithium.agh.edu.pl\/?page_id=78","title":{"rendered":""},"content":{"rendered":"\n<p class=\"has-luminous-vivid-amber-color has-text-color has-large-font-size\">Kontakt<\/p>\n\n\n\n<p class=\"has-medium-font-size\">Tytu\u0142 projektu: <strong>Technologia kompleksowego odzysku litu i wody u\u017cytkowej z odpadowych w\u00f3d z\u0142o\u017cowych<\/strong><br>(Numer wniosku: 0174\/L-12\/2020)<\/p>\n\n\n\n<p class=\"has-medium-font-size\">Nazwisko i imi\u0119 kierownika projektu: <strong>Knapik Ewa, dr in\u017c.<\/strong><br>Afiliacja jednostki goszcz\u0105cej: <strong>Akademia G\u00f3rniczo-Hutnicza im. Stanis\u0142awa Staszica w Krakowie<\/strong><\/p>\n\n\n\n<p class=\"has-medium-font-size\">Al. Mickiewicza 30, 30-059 Krak\u00f3w, budynek A-4, III p., pok. 310<br>telefon: +48 12 617 22 08<br><a href=\"mailto:eknapik@agh.edu.pl\">eknapik@agh.edu.pl<\/a><\/p>\n","protected":false},"excerpt":{"rendered":"<p>Kontakt Tytu\u0142 projektu: Technologia kompleksowego odzysku litu i wody u\u017cytkowej z odpadowych w\u00f3d z\u0142o\u017cowych(Numer wniosku: 0174\/L-12\/2020) Nazwisko i imi\u0119 kierownika projektu: Knapik Ewa, dr in\u017c.Afiliacja jednostki goszcz\u0105cej: Akademia G\u00f3rniczo-Hutnicza im. Stanis\u0142awa Staszica w Krakowie Al. Mickiewicza 30, 30-059 Krak\u00f3w, budynek A-4, III p., pok. 310telefon: +48 12 617 22 08eknapik@agh.edu.pl<\/p>\n","protected":false},"author":1,"featured_media":0,"parent":0,"menu_order":0,"comment_status":"closed","ping_status":"closed","template":"page-templates\/page_fullwidth.php","meta":{"footnotes":""},"class_list":["post-78","page","type-page","status-publish","hentry","clearfix"],"_links":{"self":[{"href":"https:\/\/complithium.agh.edu.pl\/index.php?rest_route=\/wp\/v2\/pages\/78","targetHints":{"allow":["GET"]}}],"collection":[{"href":"https:\/\/complithium.agh.edu.pl\/index.php?rest_route=\/wp\/v2\/pages"}],"about":[{"href":"https:\/\/complithium.agh.edu.pl\/index.php?rest_route=\/wp\/v2\/types\/page"}],"author":[{"embeddable":true,"href":"https:\/\/complithium.agh.edu.pl\/index.php?rest_route=\/wp\/v2\/users\/1"}],"replies":[{"embeddable":true,"href":"https:\/\/complithium.agh.edu.pl\/index.php?rest_route=%2Fwp%2Fv2%2Fcomments&post=78"}],"version-history":[{"count":4,"href":"https:\/\/complithium.agh.edu.pl\/index.php?rest_route=\/wp\/v2\/pages\/78\/revisions"}],"predecessor-version":[{"id":362,"href":"https:\/\/complithium.agh.edu.pl\/index.php?rest_route=\/wp\/v2\/pages\/78\/revisions\/362"}],"wp:attachment":[{"href":"https:\/\/complithium.agh.edu.pl\/index.php?rest_route=%2Fwp%2Fv2%2Fmedia&parent=78"}],"curies":[{"name":"wp","href":"https:\/\/api.w.org\/{rel}","templated":true}]}}